{"id":248,"date":"2024-03-11T12:06:04","date_gmt":"2024-03-11T12:06:04","guid":{"rendered":"https:\/\/www.parafia-smicz.pl\/?page_id=248"},"modified":"2024-03-11T12:18:37","modified_gmt":"2024-03-11T12:18:37","slug":"obiekty-sakralne-w-parafii","status":"publish","type":"page","link":"https:\/\/www.parafia-smicz.pl\/?page_id=248","title":{"rendered":"Obiekty sakralne w Parafii"},"content":{"rendered":"\t\t<div data-elementor-type=\"wp-page\" data-elementor-id=\"248\" class=\"elementor elementor-248\">\n\t\t\t\t<div class=\"elementor-element elementor-element-3820777 e-flex e-con-boxed e-con e-parent\" data-id=\"3820777\" data-element_type=\"container\" data-e-type=\"container\">\n\t\t\t\t\t<div class=\"e-con-inner\">\n\t\t\t\t<div class=\"elementor-element elementor-element-aff8982 elementor-widget elementor-widget-image-gallery\" data-id=\"aff8982\" data-element_type=\"widget\" data-e-type=\"widget\" data-widget_type=\"image-gallery.default\">\n\t\t\t\t\t\t\t<div class=\"elementor-image-gallery\">\n\t\t\t<div id='gallery-1' class='gallery galleryid-248 gallery-columns-4 gallery-size-thumbnail'><figure class='gallery-item'>\n\t\t\t<div class='gallery-icon landscape'>\n\t\t\t\t<a data-elementor-open-lightbox=\"yes\" data-elementor-lightbox-slideshow=\"aff8982\" data-elementor-lightbox-title=\"Smicz z dala\" data-e-action-hash=\"#elementor-action%3Aaction%3Dlightbox%26settings%3DeyJpZCI6MjcwLCJ1cmwiOiJodHRwczpcL1wvd3d3LnBhcmFmaWEtc21pY3oucGxcL3dwLWNvbnRlbnRcL3VwbG9hZHNcLzIwMjRcLzAzXC9TbWljei16LWRhbGEtMS1zY2FsZWQuanBnIiwic2xpZGVzaG93IjoiYWZmODk4MiJ9\" href='https:\/\/www.parafia-smicz.pl\/wp-content\/uploads\/2024\/03\/Smicz-z-dala-1-scaled.jpg'><img decoding=\"async\" width=\"150\" height=\"150\" src=\"https:\/\/www.parafia-smicz.pl\/wp-content\/uploads\/2024\/03\/Smicz-z-dala-1-150x150.jpg\" class=\"attachment-thumbnail size-thumbnail\" alt=\"\" srcset=\"https:\/\/www.parafia-smicz.pl\/wp-content\/uploads\/2024\/03\/Smicz-z-dala-1-150x150.jpg 150w, https:\/\/www.parafia-smicz.pl\/wp-content\/uploads\/2024\/03\/Smicz-z-dala-1-600x600.jpg 600w\" sizes=\"(max-width: 150px) 100vw, 150px\" \/><\/a>\n\t\t\t<\/div><\/figure><figure class='gallery-item'>\n\t\t\t<div class='gallery-icon landscape'>\n\t\t\t\t<a data-elementor-open-lightbox=\"yes\" data-elementor-lightbox-slideshow=\"aff8982\" data-elementor-lightbox-title=\"O\u0142tarz\" data-e-action-hash=\"#elementor-action%3Aaction%3Dlightbox%26settings%3DeyJpZCI6MjY5LCJ1cmwiOiJodHRwczpcL1wvd3d3LnBhcmFmaWEtc21pY3oucGxcL3dwLWNvbnRlbnRcL3VwbG9hZHNcLzIwMjRcLzAzXC9PbHRhcnotMi1zY2FsZWQuanBnIiwic2xpZGVzaG93IjoiYWZmODk4MiJ9\" href='https:\/\/www.parafia-smicz.pl\/wp-content\/uploads\/2024\/03\/Oltarz-2-scaled.jpg'><img decoding=\"async\" width=\"150\" height=\"150\" src=\"https:\/\/www.parafia-smicz.pl\/wp-content\/uploads\/2024\/03\/Oltarz-2-150x150.jpg\" class=\"attachment-thumbnail size-thumbnail\" alt=\"\" srcset=\"https:\/\/www.parafia-smicz.pl\/wp-content\/uploads\/2024\/03\/Oltarz-2-150x150.jpg 150w, https:\/\/www.parafia-smicz.pl\/wp-content\/uploads\/2024\/03\/Oltarz-2-600x600.jpg 600w\" sizes=\"(max-width: 150px) 100vw, 150px\" \/><\/a>\n\t\t\t<\/div><\/figure><figure class='gallery-item'>\n\t\t\t<div class='gallery-icon portrait'>\n\t\t\t\t<a data-elementor-open-lightbox=\"yes\" data-elementor-lightbox-slideshow=\"aff8982\" data-elementor-lightbox-title=\"O\u0142tarz boczny\" data-e-action-hash=\"#elementor-action%3Aaction%3Dlightbox%26settings%3DeyJpZCI6MjY4LCJ1cmwiOiJodHRwczpcL1wvd3d3LnBhcmFmaWEtc21pY3oucGxcL3dwLWNvbnRlbnRcL3VwbG9hZHNcLzIwMjRcLzAzXC9PbHRhcnotYm9jem55LTEtc2NhbGVkLmpwZyIsInNsaWRlc2hvdyI6ImFmZjg5ODIifQ%3D%3D\" href='https:\/\/www.parafia-smicz.pl\/wp-content\/uploads\/2024\/03\/Oltarz-boczny-1-scaled.jpg'><img decoding=\"async\" width=\"150\" height=\"150\" src=\"https:\/\/www.parafia-smicz.pl\/wp-content\/uploads\/2024\/03\/Oltarz-boczny-1-150x150.jpg\" class=\"attachment-thumbnail size-thumbnail\" alt=\"\" srcset=\"https:\/\/www.parafia-smicz.pl\/wp-content\/uploads\/2024\/03\/Oltarz-boczny-1-150x150.jpg 150w, https:\/\/www.parafia-smicz.pl\/wp-content\/uploads\/2024\/03\/Oltarz-boczny-1-600x600.jpg 600w\" sizes=\"(max-width: 150px) 100vw, 150px\" \/><\/a>\n\t\t\t<\/div><\/figure><figure class='gallery-item'>\n\t\t\t<div class='gallery-icon portrait'>\n\t\t\t\t<a data-elementor-open-lightbox=\"yes\" data-elementor-lightbox-slideshow=\"aff8982\" data-elementor-lightbox-title=\"Obraz\" data-e-action-hash=\"#elementor-action%3Aaction%3Dlightbox%26settings%3DeyJpZCI6MjY3LCJ1cmwiOiJodHRwczpcL1wvd3d3LnBhcmFmaWEtc21pY3oucGxcL3dwLWNvbnRlbnRcL3VwbG9hZHNcLzIwMjRcLzAzXC9PYnJhei0xLmpwZyIsInNsaWRlc2hvdyI6ImFmZjg5ODIifQ%3D%3D\" href='https:\/\/www.parafia-smicz.pl\/wp-content\/uploads\/2024\/03\/Obraz-1.jpg'><img loading=\"lazy\" decoding=\"async\" width=\"150\" height=\"150\" src=\"https:\/\/www.parafia-smicz.pl\/wp-content\/uploads\/2024\/03\/Obraz-1-150x150.jpg\" class=\"attachment-thumbnail size-thumbnail\" alt=\"\" srcset=\"https:\/\/www.parafia-smicz.pl\/wp-content\/uploads\/2024\/03\/Obraz-1-150x150.jpg 150w, https:\/\/www.parafia-smicz.pl\/wp-content\/uploads\/2024\/03\/Obraz-1-600x600.jpg 600w\" sizes=\"(max-width: 150px) 100vw, 150px\" \/><\/a>\n\t\t\t<\/div><\/figure><figure class='gallery-item'>\n\t\t\t<div class='gallery-icon landscape'>\n\t\t\t\t<a data-elementor-open-lightbox=\"yes\" data-elementor-lightbox-slideshow=\"aff8982\" data-elementor-lightbox-title=\"Mi\u0142owice v1\" data-e-action-hash=\"#elementor-action%3Aaction%3Dlightbox%26settings%3DeyJpZCI6MjY2LCJ1cmwiOiJodHRwczpcL1wvd3d3LnBhcmFmaWEtc21pY3oucGxcL3dwLWNvbnRlbnRcL3VwbG9hZHNcLzIwMjRcLzAzXC9NaWxvd2ljZS12MS0xLXNjYWxlZC5qcGciLCJzbGlkZXNob3ciOiJhZmY4OTgyIn0%3D\" href='https:\/\/www.parafia-smicz.pl\/wp-content\/uploads\/2024\/03\/Milowice-v1-1-scaled.jpg'><img loading=\"lazy\" decoding=\"async\" width=\"150\" height=\"150\" src=\"https:\/\/www.parafia-smicz.pl\/wp-content\/uploads\/2024\/03\/Milowice-v1-1-150x150.jpg\" class=\"attachment-thumbnail size-thumbnail\" alt=\"\" srcset=\"https:\/\/www.parafia-smicz.pl\/wp-content\/uploads\/2024\/03\/Milowice-v1-1-150x150.jpg 150w, https:\/\/www.parafia-smicz.pl\/wp-content\/uploads\/2024\/03\/Milowice-v1-1-600x600.jpg 600w\" sizes=\"(max-width: 150px) 100vw, 150px\" \/><\/a>\n\t\t\t<\/div><\/figure><figure class='gallery-item'>\n\t\t\t<div class='gallery-icon landscape'>\n\t\t\t\t<a data-elementor-open-lightbox=\"yes\" data-elementor-lightbox-slideshow=\"aff8982\" data-elementor-lightbox-title=\"Ko\u015bci\u00f3\u0142 wn\u0119trze\" data-e-action-hash=\"#elementor-action%3Aaction%3Dlightbox%26settings%3DeyJpZCI6MjY1LCJ1cmwiOiJodHRwczpcL1wvd3d3LnBhcmFmaWEtc21pY3oucGxcL3dwLWNvbnRlbnRcL3VwbG9hZHNcLzIwMjRcLzAzXC9Lb3NjaW9sLXduZXRyemUtMS1zY2FsZWQuanBnIiwic2xpZGVzaG93IjoiYWZmODk4MiJ9\" href='https:\/\/www.parafia-smicz.pl\/wp-content\/uploads\/2024\/03\/Kosciol-wnetrze-1-scaled.jpg'><img loading=\"lazy\" decoding=\"async\" width=\"150\" height=\"150\" src=\"https:\/\/www.parafia-smicz.pl\/wp-content\/uploads\/2024\/03\/Kosciol-wnetrze-1-150x150.jpg\" class=\"attachment-thumbnail size-thumbnail\" alt=\"\" srcset=\"https:\/\/www.parafia-smicz.pl\/wp-content\/uploads\/2024\/03\/Kosciol-wnetrze-1-150x150.jpg 150w, https:\/\/www.parafia-smicz.pl\/wp-content\/uploads\/2024\/03\/Kosciol-wnetrze-1-600x600.jpg 600w\" sizes=\"(max-width: 150px) 100vw, 150px\" \/><\/a>\n\t\t\t<\/div><\/figure><figure class='gallery-item'>\n\t\t\t<div class='gallery-icon portrait'>\n\t\t\t\t<a data-elementor-open-lightbox=\"yes\" data-elementor-lightbox-slideshow=\"aff8982\" data-elementor-lightbox-title=\"Ko\u015bci\u00f3\u0142 \u015amicz6\" data-e-action-hash=\"#elementor-action%3Aaction%3Dlightbox%26settings%3DeyJpZCI6MjY0LCJ1cmwiOiJodHRwczpcL1wvd3d3LnBhcmFmaWEtc21pY3oucGxcL3dwLWNvbnRlbnRcL3VwbG9hZHNcLzIwMjRcLzAzXC9Lb3NjaW9sLVNtaWN6Ni0xLXNjYWxlZC5qcGciLCJzbGlkZXNob3ciOiJhZmY4OTgyIn0%3D\" href='https:\/\/www.parafia-smicz.pl\/wp-content\/uploads\/2024\/03\/Kosciol-Smicz6-1-scaled.jpg'><img loading=\"lazy\" decoding=\"async\" width=\"150\" height=\"150\" src=\"https:\/\/www.parafia-smicz.pl\/wp-content\/uploads\/2024\/03\/Kosciol-Smicz6-1-150x150.jpg\" class=\"attachment-thumbnail size-thumbnail\" alt=\"\" srcset=\"https:\/\/www.parafia-smicz.pl\/wp-content\/uploads\/2024\/03\/Kosciol-Smicz6-1-150x150.jpg 150w, https:\/\/www.parafia-smicz.pl\/wp-content\/uploads\/2024\/03\/Kosciol-Smicz6-1-600x600.jpg 600w\" sizes=\"(max-width: 150px) 100vw, 150px\" \/><\/a>\n\t\t\t<\/div><\/figure><figure class='gallery-item'>\n\t\t\t<div class='gallery-icon landscape'>\n\t\t\t\t<a data-elementor-open-lightbox=\"yes\" data-elementor-lightbox-slideshow=\"aff8982\" data-elementor-lightbox-title=\"Ko\u015bci\u00f3\u0142 \u015amicz\" data-e-action-hash=\"#elementor-action%3Aaction%3Dlightbox%26settings%3DeyJpZCI6MjYzLCJ1cmwiOiJodHRwczpcL1wvd3d3LnBhcmFmaWEtc21pY3oucGxcL3dwLWNvbnRlbnRcL3VwbG9hZHNcLzIwMjRcLzAzXC9Lb3NjaW9sLVNtaWN6LTEtc2NhbGVkLmpwZyIsInNsaWRlc2hvdyI6ImFmZjg5ODIifQ%3D%3D\" href='https:\/\/www.parafia-smicz.pl\/wp-content\/uploads\/2024\/03\/Kosciol-Smicz-1-scaled.jpg'><img loading=\"lazy\" decoding=\"async\" width=\"150\" height=\"150\" src=\"https:\/\/www.parafia-smicz.pl\/wp-content\/uploads\/2024\/03\/Kosciol-Smicz-1-150x150.jpg\" class=\"attachment-thumbnail size-thumbnail\" alt=\"\" srcset=\"https:\/\/www.parafia-smicz.pl\/wp-content\/uploads\/2024\/03\/Kosciol-Smicz-1-150x150.jpg 150w, https:\/\/www.parafia-smicz.pl\/wp-content\/uploads\/2024\/03\/Kosciol-Smicz-1-600x600.jpg 600w\" sizes=\"(max-width: 150px) 100vw, 150px\" \/><\/a>\n\t\t\t<\/div><\/figure><figure class='gallery-item'>\n\t\t\t<div class='gallery-icon landscape'>\n\t\t\t\t<a data-elementor-open-lightbox=\"yes\" data-elementor-lightbox-slideshow=\"aff8982\" data-elementor-lightbox-title=\"Ko\u015bci\u00f3\u0142 \u015amicz v8\" data-e-action-hash=\"#elementor-action%3Aaction%3Dlightbox%26settings%3DeyJpZCI6MjYyLCJ1cmwiOiJodHRwczpcL1wvd3d3LnBhcmFmaWEtc21pY3oucGxcL3dwLWNvbnRlbnRcL3VwbG9hZHNcLzIwMjRcLzAzXC9Lb3NjaW9sLVNtaWN6LXY4LXNjYWxlZC5qcGciLCJzbGlkZXNob3ciOiJhZmY4OTgyIn0%3D\" href='https:\/\/www.parafia-smicz.pl\/wp-content\/uploads\/2024\/03\/Kosciol-Smicz-v8-scaled.jpg'><img loading=\"lazy\" decoding=\"async\" width=\"150\" height=\"150\" src=\"https:\/\/www.parafia-smicz.pl\/wp-content\/uploads\/2024\/03\/Kosciol-Smicz-v8-150x150.jpg\" class=\"attachment-thumbnail size-thumbnail\" alt=\"\" srcset=\"https:\/\/www.parafia-smicz.pl\/wp-content\/uploads\/2024\/03\/Kosciol-Smicz-v8-150x150.jpg 150w, https:\/\/www.parafia-smicz.pl\/wp-content\/uploads\/2024\/03\/Kosciol-Smicz-v8-600x600.jpg 600w\" sizes=\"(max-width: 150px) 100vw, 150px\" \/><\/a>\n\t\t\t<\/div><\/figure><figure class='gallery-item'>\n\t\t\t<div class='gallery-icon portrait'>\n\t\t\t\t<a data-elementor-open-lightbox=\"yes\" data-elementor-lightbox-slideshow=\"aff8982\" data-elementor-lightbox-title=\"Ko\u015bci\u00f3\u0142 \u015amicz v7\" data-e-action-hash=\"#elementor-action%3Aaction%3Dlightbox%26settings%3DeyJpZCI6MjYxLCJ1cmwiOiJodHRwczpcL1wvd3d3LnBhcmFmaWEtc21pY3oucGxcL3dwLWNvbnRlbnRcL3VwbG9hZHNcLzIwMjRcLzAzXC9Lb3NjaW9sLVNtaWN6LXY3LTEtc2NhbGVkLmpwZyIsInNsaWRlc2hvdyI6ImFmZjg5ODIifQ%3D%3D\" href='https:\/\/www.parafia-smicz.pl\/wp-content\/uploads\/2024\/03\/Kosciol-Smicz-v7-1-scaled.jpg'><img loading=\"lazy\" decoding=\"async\" width=\"150\" height=\"150\" src=\"https:\/\/www.parafia-smicz.pl\/wp-content\/uploads\/2024\/03\/Kosciol-Smicz-v7-1-150x150.jpg\" class=\"attachment-thumbnail size-thumbnail\" alt=\"\" srcset=\"https:\/\/www.parafia-smicz.pl\/wp-content\/uploads\/2024\/03\/Kosciol-Smicz-v7-1-150x150.jpg 150w, https:\/\/www.parafia-smicz.pl\/wp-content\/uploads\/2024\/03\/Kosciol-Smicz-v7-1-600x600.jpg 600w\" sizes=\"(max-width: 150px) 100vw, 150px\" \/><\/a>\n\t\t\t<\/div><\/figure><figure class='gallery-item'>\n\t\t\t<div class='gallery-icon landscape'>\n\t\t\t\t<a data-elementor-open-lightbox=\"yes\" data-elementor-lightbox-slideshow=\"aff8982\" data-elementor-lightbox-title=\"Ko\u015bci\u00f3\u0142 \u015amicz v3\" data-e-action-hash=\"#elementor-action%3Aaction%3Dlightbox%26settings%3DeyJpZCI6MjYwLCJ1cmwiOiJodHRwczpcL1wvd3d3LnBhcmFmaWEtc21pY3oucGxcL3dwLWNvbnRlbnRcL3VwbG9hZHNcLzIwMjRcLzAzXC9Lb3NjaW9sLVNtaWN6LXYzLTEtc2NhbGVkLmpwZyIsInNsaWRlc2hvdyI6ImFmZjg5ODIifQ%3D%3D\" href='https:\/\/www.parafia-smicz.pl\/wp-content\/uploads\/2024\/03\/Kosciol-Smicz-v3-1-scaled.jpg'><img loading=\"lazy\" decoding=\"async\" width=\"150\" height=\"150\" src=\"https:\/\/www.parafia-smicz.pl\/wp-content\/uploads\/2024\/03\/Kosciol-Smicz-v3-1-150x150.jpg\" class=\"attachment-thumbnail size-thumbnail\" alt=\"\" srcset=\"https:\/\/www.parafia-smicz.pl\/wp-content\/uploads\/2024\/03\/Kosciol-Smicz-v3-1-150x150.jpg 150w, https:\/\/www.parafia-smicz.pl\/wp-content\/uploads\/2024\/03\/Kosciol-Smicz-v3-1-600x600.jpg 600w\" sizes=\"(max-width: 150px) 100vw, 150px\" \/><\/a>\n\t\t\t<\/div><\/figure><figure class='gallery-item'>\n\t\t\t<div class='gallery-icon landscape'>\n\t\t\t\t<a data-elementor-open-lightbox=\"yes\" data-elementor-lightbox-slideshow=\"aff8982\" data-elementor-lightbox-title=\"Ko\u015bci\u00f3\u0142 \u015amicz v1\" data-e-action-hash=\"#elementor-action%3Aaction%3Dlightbox%26settings%3DeyJpZCI6MjU5LCJ1cmwiOiJodHRwczpcL1wvd3d3LnBhcmFmaWEtc21pY3oucGxcL3dwLWNvbnRlbnRcL3VwbG9hZHNcLzIwMjRcLzAzXC9Lb3NjaW9sLVNtaWN6LXYxLTEtc2NhbGVkLmpwZyIsInNsaWRlc2hvdyI6ImFmZjg5ODIifQ%3D%3D\" href='https:\/\/www.parafia-smicz.pl\/wp-content\/uploads\/2024\/03\/Kosciol-Smicz-v1-1-scaled.jpg'><img loading=\"lazy\" decoding=\"async\" width=\"150\" height=\"150\" src=\"https:\/\/www.parafia-smicz.pl\/wp-content\/uploads\/2024\/03\/Kosciol-Smicz-v1-1-150x150.jpg\" class=\"attachment-thumbnail size-thumbnail\" alt=\"\" srcset=\"https:\/\/www.parafia-smicz.pl\/wp-content\/uploads\/2024\/03\/Kosciol-Smicz-v1-1-150x150.jpg 150w, https:\/\/www.parafia-smicz.pl\/wp-content\/uploads\/2024\/03\/Kosciol-Smicz-v1-1-600x600.jpg 600w\" sizes=\"(max-width: 150px) 100vw, 150px\" \/><\/a>\n\t\t\t<\/div><\/figure><figure class='gallery-item'>\n\t\t\t<div class='gallery-icon landscape'>\n\t\t\t\t<a data-elementor-open-lightbox=\"yes\" data-elementor-lightbox-slideshow=\"aff8982\" data-elementor-lightbox-title=\"Kolnowice ko\u015b\" data-e-action-hash=\"#elementor-action%3Aaction%3Dlightbox%26settings%3DeyJpZCI6MjU4LCJ1cmwiOiJodHRwczpcL1wvd3d3LnBhcmFmaWEtc21pY3oucGxcL3dwLWNvbnRlbnRcL3VwbG9hZHNcLzIwMjRcLzAzXC9Lb2xub3dpY2Uta29zLTEtc2NhbGVkLmpwZyIsInNsaWRlc2hvdyI6ImFmZjg5ODIifQ%3D%3D\" href='https:\/\/www.parafia-smicz.pl\/wp-content\/uploads\/2024\/03\/Kolnowice-kos-1-scaled.jpg'><img loading=\"lazy\" decoding=\"async\" width=\"150\" height=\"150\" src=\"https:\/\/www.parafia-smicz.pl\/wp-content\/uploads\/2024\/03\/Kolnowice-kos-1-150x150.jpg\" class=\"attachment-thumbnail size-thumbnail\" alt=\"\" srcset=\"https:\/\/www.parafia-smicz.pl\/wp-content\/uploads\/2024\/03\/Kolnowice-kos-1-150x150.jpg 150w, https:\/\/www.parafia-smicz.pl\/wp-content\/uploads\/2024\/03\/Kolnowice-kos-1-600x600.jpg 600w\" sizes=\"(max-width: 150px) 100vw, 150px\" \/><\/a>\n\t\t\t<\/div><\/figure><figure class='gallery-item'>\n\t\t\t<div class='gallery-icon portrait'>\n\t\t\t\t<a data-elementor-open-lightbox=\"yes\" data-elementor-lightbox-slideshow=\"aff8982\" data-elementor-lightbox-title=\"Grota2\" data-e-action-hash=\"#elementor-action%3Aaction%3Dlightbox%26settings%3DeyJpZCI6MjU3LCJ1cmwiOiJodHRwczpcL1wvd3d3LnBhcmFmaWEtc21pY3oucGxcL3dwLWNvbnRlbnRcL3VwbG9hZHNcLzIwMjRcLzAzXC9Hcm90YTItMS1zY2FsZWQuanBnIiwic2xpZGVzaG93IjoiYWZmODk4MiJ9\" href='https:\/\/www.parafia-smicz.pl\/wp-content\/uploads\/2024\/03\/Grota2-1-scaled.jpg'><img loading=\"lazy\" decoding=\"async\" width=\"150\" height=\"150\" src=\"https:\/\/www.parafia-smicz.pl\/wp-content\/uploads\/2024\/03\/Grota2-1-150x150.jpg\" class=\"attachment-thumbnail size-thumbnail\" alt=\"\" srcset=\"https:\/\/www.parafia-smicz.pl\/wp-content\/uploads\/2024\/03\/Grota2-1-150x150.jpg 150w, https:\/\/www.parafia-smicz.pl\/wp-content\/uploads\/2024\/03\/Grota2-1-600x600.jpg 600w\" sizes=\"(max-width: 150px) 100vw, 150px\" \/><\/a>\n\t\t\t<\/div><\/figure><figure class='gallery-item'>\n\t\t\t<div class='gallery-icon landscape'>\n\t\t\t\t<a data-elementor-open-lightbox=\"yes\" data-elementor-lightbox-slideshow=\"aff8982\" data-elementor-lightbox-title=\"Grota\" data-e-action-hash=\"#elementor-action%3Aaction%3Dlightbox%26settings%3DeyJpZCI6MjU2LCJ1cmwiOiJodHRwczpcL1wvd3d3LnBhcmFmaWEtc21pY3oucGxcL3dwLWNvbnRlbnRcL3VwbG9hZHNcLzIwMjRcLzAzXC9Hcm90YS0xLXNjYWxlZC5qcGciLCJzbGlkZXNob3ciOiJhZmY4OTgyIn0%3D\" href='https:\/\/www.parafia-smicz.pl\/wp-content\/uploads\/2024\/03\/Grota-1-scaled.jpg'><img loading=\"lazy\" decoding=\"async\" width=\"150\" height=\"150\" src=\"https:\/\/www.parafia-smicz.pl\/wp-content\/uploads\/2024\/03\/Grota-1-150x150.jpg\" class=\"attachment-thumbnail size-thumbnail\" alt=\"\" srcset=\"https:\/\/www.parafia-smicz.pl\/wp-content\/uploads\/2024\/03\/Grota-1-150x150.jpg 150w, https:\/\/www.parafia-smicz.pl\/wp-content\/uploads\/2024\/03\/Grota-1-600x600.jpg 600w\" sizes=\"(max-width: 150px) 100vw, 150px\" \/><\/a>\n\t\t\t<\/div><\/figure><figure class='gallery-item'>\n\t\t\t<div class='gallery-icon landscape'>\n\t\t\t\t<a data-elementor-open-lightbox=\"yes\" data-elementor-lightbox-slideshow=\"aff8982\" data-elementor-lightbox-title=\"Freski2\" data-e-action-hash=\"#elementor-action%3Aaction%3Dlightbox%26settings%3DeyJpZCI6MjU1LCJ1cmwiOiJodHRwczpcL1wvd3d3LnBhcmFmaWEtc21pY3oucGxcL3dwLWNvbnRlbnRcL3VwbG9hZHNcLzIwMjRcLzAzXC9GcmVza2kyLXNjYWxlZC5qcGciLCJzbGlkZXNob3ciOiJhZmY4OTgyIn0%3D\" href='https:\/\/www.parafia-smicz.pl\/wp-content\/uploads\/2024\/03\/Freski2-scaled.jpg'><img loading=\"lazy\" decoding=\"async\" width=\"150\" height=\"150\" src=\"https:\/\/www.parafia-smicz.pl\/wp-content\/uploads\/2024\/03\/Freski2-150x150.jpg\" class=\"attachment-thumbnail size-thumbnail\" alt=\"\" srcset=\"https:\/\/www.parafia-smicz.pl\/wp-content\/uploads\/2024\/03\/Freski2-150x150.jpg 150w, https:\/\/www.parafia-smicz.pl\/wp-content\/uploads\/2024\/03\/Freski2-600x600.jpg 600w\" sizes=\"(max-width: 150px) 100vw, 150px\" \/><\/a>\n\t\t\t<\/div><\/figure><figure class='gallery-item'>\n\t\t\t<div class='gallery-icon landscape'>\n\t\t\t\t<a data-elementor-open-lightbox=\"yes\" data-elementor-lightbox-slideshow=\"aff8982\" data-elementor-lightbox-title=\"Freski\" data-e-action-hash=\"#elementor-action%3Aaction%3Dlightbox%26settings%3DeyJpZCI6MjU0LCJ1cmwiOiJodHRwczpcL1wvd3d3LnBhcmFmaWEtc21pY3oucGxcL3dwLWNvbnRlbnRcL3VwbG9hZHNcLzIwMjRcLzAzXC9GcmVza2ktc2NhbGVkLmpwZyIsInNsaWRlc2hvdyI6ImFmZjg5ODIifQ%3D%3D\" href='https:\/\/www.parafia-smicz.pl\/wp-content\/uploads\/2024\/03\/Freski-scaled.jpg'><img loading=\"lazy\" decoding=\"async\" width=\"150\" height=\"150\" src=\"https:\/\/www.parafia-smicz.pl\/wp-content\/uploads\/2024\/03\/Freski-150x150.jpg\" class=\"attachment-thumbnail size-thumbnail\" alt=\"\" srcset=\"https:\/\/www.parafia-smicz.pl\/wp-content\/uploads\/2024\/03\/Freski-150x150.jpg 150w, https:\/\/www.parafia-smicz.pl\/wp-content\/uploads\/2024\/03\/Freski-600x600.jpg 600w\" sizes=\"(max-width: 150px) 100vw, 150px\" \/><\/a>\n\t\t\t<\/div><\/figure><figure class='gallery-item'>\n\t\t\t<div class='gallery-icon portrait'>\n\t\t\t\t<a data-elementor-open-lightbox=\"yes\" data-elementor-lightbox-slideshow=\"aff8982\" data-elementor-lightbox-title=\"Figurka\" data-e-action-hash=\"#elementor-action%3Aaction%3Dlightbox%26settings%3DeyJpZCI6MjUzLCJ1cmwiOiJodHRwczpcL1wvd3d3LnBhcmFmaWEtc21pY3oucGxcL3dwLWNvbnRlbnRcL3VwbG9hZHNcLzIwMjRcLzAzXC9GaWd1cmthLXNjYWxlZC5qcGciLCJzbGlkZXNob3ciOiJhZmY4OTgyIn0%3D\" href='https:\/\/www.parafia-smicz.pl\/wp-content\/uploads\/2024\/03\/Figurka-scaled.jpg'><img loading=\"lazy\" decoding=\"async\" width=\"150\" height=\"150\" src=\"https:\/\/www.parafia-smicz.pl\/wp-content\/uploads\/2024\/03\/Figurka-150x150.jpg\" class=\"attachment-thumbnail size-thumbnail\" alt=\"\" srcset=\"https:\/\/www.parafia-smicz.pl\/wp-content\/uploads\/2024\/03\/Figurka-150x150.jpg 150w, https:\/\/www.parafia-smicz.pl\/wp-content\/uploads\/2024\/03\/Figurka-600x600.jpg 600w\" sizes=\"(max-width: 150px) 100vw, 150px\" \/><\/a>\n\t\t\t<\/div><\/figure><figure class='gallery-item'>\n\t\t\t<div class='gallery-icon portrait'>\n\t\t\t\t<a data-elementor-open-lightbox=\"yes\" data-elementor-lightbox-slideshow=\"aff8982\" data-elementor-lightbox-title=\"Figura\" data-e-action-hash=\"#elementor-action%3Aaction%3Dlightbox%26settings%3DeyJpZCI6MjUyLCJ1cmwiOiJodHRwczpcL1wvd3d3LnBhcmFmaWEtc21pY3oucGxcL3dwLWNvbnRlbnRcL3VwbG9hZHNcLzIwMjRcLzAzXC9GaWd1cmEtMS1zY2FsZWQuanBnIiwic2xpZGVzaG93IjoiYWZmODk4MiJ9\" href='https:\/\/www.parafia-smicz.pl\/wp-content\/uploads\/2024\/03\/Figura-1-scaled.jpg'><img loading=\"lazy\" decoding=\"async\" width=\"150\" height=\"150\" src=\"https:\/\/www.parafia-smicz.pl\/wp-content\/uploads\/2024\/03\/Figura-1-150x150.jpg\" class=\"attachment-thumbnail size-thumbnail\" alt=\"\" srcset=\"https:\/\/www.parafia-smicz.pl\/wp-content\/uploads\/2024\/03\/Figura-1-150x150.jpg 150w, https:\/\/www.parafia-smicz.pl\/wp-content\/uploads\/2024\/03\/Figura-1-600x600.jpg 600w\" sizes=\"(max-width: 150px) 100vw, 150px\" \/><\/a>\n\t\t\t<\/div><\/figure>\n\t\t<\/div>\n\t\t<\/div>\n\t\t\t\t\t\t<\/div>\n\t\t\t\t\t<\/div>\n\t\t\t\t<\/div>\n\t\t\t\t<\/div>\n\t\t","protected":false},"excerpt":{"rendered":"","protected":false},"author":1,"featured_media":0,"parent":0,"menu_order":0,"comment_status":"closed","ping_status":"closed","template":"","meta":{"ocean_post_layout":"full-screen","ocean_both_sidebars_style":"","ocean_both_sidebars_content_width":0,"ocean_both_sidebars_sidebars_width":0,"ocean_sidebar":"","ocean_second_sidebar":"","ocean_disable_margins":"enable","ocean_add_body_class":"","ocean_shortcode_before_top_bar":"","ocean_shortcode_after_top_bar":"","ocean_shortcode_before_header":"","ocean_shortcode_after_header":"","ocean_has_shortcode":"","ocean_shortcode_after_title":"","ocean_shortcode_before_footer_widgets":"","ocean_shortcode_after_footer_widgets":"","ocean_shortcode_before_footer_bottom":"","ocean_shortcode_after_footer_bottom":"","ocean_display_top_bar":"off","ocean_display_header":"default","ocean_header_style":"","ocean_center_header_left_menu":"","ocean_custom_header_template":"","ocean_custom_logo":0,"ocean_custom_retina_logo":0,"ocean_custom_logo_max_width":0,"ocean_custom_logo_tablet_max_width":0,"ocean_custom_logo_mobile_max_width":0,"ocean_custom_logo_max_height":0,"ocean_custom_logo_tablet_max_height":0,"ocean_custom_logo_mobile_max_height":0,"ocean_header_custom_menu":"","ocean_menu_typo_font_family":"","ocean_menu_typo_font_subset":"","ocean_menu_typo_font_size":0,"ocean_menu_typo_font_size_tablet":0,"ocean_menu_typo_font_size_mobile":0,"ocean_menu_typo_font_size_unit":"px","ocean_menu_typo_font_weight":"","ocean_menu_typo_font_weight_tablet":"","ocean_menu_typo_font_weight_mobile":"","ocean_menu_typo_transform":"","ocean_menu_typo_transform_tablet":"","ocean_menu_typo_transform_mobile":"","ocean_menu_typo_line_height":0,"ocean_menu_typo_line_height_tablet":0,"ocean_menu_typo_line_height_mobile":0,"ocean_menu_typo_line_height_unit":"","ocean_menu_typo_spacing":0,"ocean_menu_typo_spacing_tablet":0,"ocean_menu_typo_spacing_mobile":0,"ocean_menu_typo_spacing_unit":"","ocean_menu_link_color":"","ocean_menu_link_color_hover":"","ocean_menu_link_color_active":"","ocean_menu_link_background":"","ocean_menu_link_hover_background":"","ocean_menu_link_active_background":"","ocean_menu_social_links_bg":"","ocean_menu_social_hover_links_bg":"","ocean_menu_social_links_color":"","ocean_menu_social_hover_links_color":"","ocean_disable_title":"on","ocean_disable_heading":"default","ocean_post_title":"","ocean_post_subheading":"","ocean_post_title_style":"","ocean_post_title_background_color":"","ocean_post_title_background":0,"ocean_post_title_bg_image_position":"","ocean_post_title_bg_image_attachment":"","ocean_post_title_bg_image_repeat":"","ocean_post_title_bg_image_size":"","ocean_post_title_height":0,"ocean_post_title_bg_overlay":0.5,"ocean_post_title_bg_overlay_color":"","ocean_disable_breadcrumbs":"default","ocean_breadcrumbs_color":"","ocean_breadcrumbs_separator_color":"","ocean_breadcrumbs_links_color":"","ocean_breadcrumbs_links_hover_color":"","ocean_display_footer_widgets":"off","ocean_display_footer_bottom":"off","ocean_custom_footer_template":"","footnotes":""},"class_list":["post-248","page","type-page","status-publish","hentry","entry"],"_links":{"self":[{"href":"https:\/\/www.parafia-smicz.pl\/index.php?rest_route=\/wp\/v2\/pages\/248","targetHints":{"allow":["GET"]}}],"collection":[{"href":"https:\/\/www.parafia-smicz.pl\/index.php?rest_route=\/wp\/v2\/pages"}],"about":[{"href":"https:\/\/www.parafia-smicz.pl\/index.php?rest_route=\/wp\/v2\/types\/page"}],"author":[{"embeddable":true,"href":"https:\/\/www.parafia-smicz.pl\/index.php?rest_route=\/wp\/v2\/users\/1"}],"replies":[{"embeddable":true,"href":"https:\/\/www.parafia-smicz.pl\/index.php?rest_route=%2Fwp%2Fv2%2Fcomments&post=248"}],"version-history":[{"count":7,"href":"https:\/\/www.parafia-smicz.pl\/index.php?rest_route=\/wp\/v2\/pages\/248\/revisions"}],"predecessor-version":[{"id":276,"href":"https:\/\/www.parafia-smicz.pl\/index.php?rest_route=\/wp\/v2\/pages\/248\/revisions\/276"}],"wp:attachment":[{"href":"https:\/\/www.parafia-smicz.pl\/index.php?rest_route=%2Fwp%2Fv2%2Fmedia&parent=248"}],"curies":[{"name":"wp","href":"https:\/\/api.w.org\/{rel}","templated":true}]}}