{"id":332,"date":"2024-03-25T11:13:06","date_gmt":"2024-03-25T11:13:06","guid":{"rendered":"https:\/\/www.parafia-smicz.pl\/?page_id=332"},"modified":"2024-05-20T05:59:53","modified_gmt":"2024-05-20T05:59:53","slug":"zapytanie-ofertowe","status":"publish","type":"page","link":"https:\/\/www.parafia-smicz.pl\/?page_id=332","title":{"rendered":"Zapytanie ofertowe"},"content":{"rendered":"\t\t<div data-elementor-type=\"wp-page\" data-elementor-id=\"332\" class=\"elementor elementor-332\">\n\t\t\t\t<div class=\"elementor-element elementor-element-d37d49f e-flex e-con-boxed elementor-invisible e-con e-parent\" data-id=\"d37d49f\" data-element_type=\"container\" data-e-type=\"container\" data-settings=\"{&quot;animation&quot;:&quot;fadeInDown&quot;}\">\n\t\t\t\t\t<div class=\"e-con-inner\">\n\t\t\t\t<div class=\"elementor-element elementor-element-8102be7 elementor-widget elementor-widget-heading\" data-id=\"8102be7\" data-element_type=\"widget\" data-e-type=\"widget\" data-widget_type=\"heading.default\">\n\t\t\t\t\t<h2 class=\"elementor-heading-title elementor-size-default\">Zapytanie ofertowe na realizacj\u0119 zadania inwestycyjnego pn.<br> \" Remont konserwatorski elewacji wie\u017cy ko\u015bcio\u0142a w \u015amiczu\" <\/h2>\t\t\t\t<\/div>\n\t\t\t\t\t<\/div>\n\t\t\t\t<\/div>\n\t\t<div class=\"elementor-element elementor-element-ad7f6e6 e-flex e-con-boxed e-con e-parent\" data-id=\"ad7f6e6\" data-element_type=\"container\" data-e-type=\"container\">\n\t\t\t\t\t<div class=\"e-con-inner\">\n\t\t\t\t<div class=\"elementor-element elementor-element-5f5c2ac elementor-widget elementor-widget-image\" data-id=\"5f5c2ac\" data-element_type=\"widget\" data-e-type=\"widget\" data-settings=\"{&quot;_animation&quot;:&quot;none&quot;}\" data-widget_type=\"image.default\">\n\t\t\t\t\t\t\t\t\t\t\t\t\t\t\t<img fetchpriority=\"high\" decoding=\"async\" width=\"724\" height=\"1024\" src=\"https:\/\/www.parafia-smicz.pl\/wp-content\/uploads\/2024\/05\/Zapyt-ofertowe-Smicz-1-724x1024.jpg\" class=\"attachment-large size-large wp-image-512\" alt=\"\" srcset=\"https:\/\/www.parafia-smicz.pl\/wp-content\/uploads\/2024\/05\/Zapyt-ofertowe-Smicz-1-724x1024.jpg 724w, https:\/\/www.parafia-smicz.pl\/wp-content\/uploads\/2024\/05\/Zapyt-ofertowe-Smicz-1-212x300.jpg 212w, https:\/\/www.parafia-smicz.pl\/wp-content\/uploads\/2024\/05\/Zapyt-ofertowe-Smicz-1-768x1086.jpg 768w, https:\/\/www.parafia-smicz.pl\/wp-content\/uploads\/2024\/05\/Zapyt-ofertowe-Smicz-1-1086x1536.jpg 1086w, https:\/\/www.parafia-smicz.pl\/wp-content\/uploads\/2024\/05\/Zapyt-ofertowe-Smicz-1-1448x2048.jpg 1448w, https:\/\/www.parafia-smicz.pl\/wp-content\/uploads\/2024\/05\/Zapyt-ofertowe-Smicz-1-scaled.jpg 1811w\" sizes=\"(max-width: 724px) 100vw, 724px\" \/>\t\t\t\t\t\t\t\t\t\t\t\t\t\t\t<\/div>\n\t\t\t\t\t<\/div>\n\t\t\t\t<\/div>\n\t\t<div class=\"elementor-element elementor-element-31be798 e-flex e-con-boxed e-con e-parent\" data-id=\"31be798\" data-element_type=\"container\" data-e-type=\"container\">\n\t\t\t\t\t<div class=\"e-con-inner\">\n\t\t\t\t<div class=\"elementor-element elementor-element-bf2cc5f elementor-widget elementor-widget-image\" data-id=\"bf2cc5f\" data-element_type=\"widget\" data-e-type=\"widget\" data-widget_type=\"image.default\">\n\t\t\t\t\t\t\t\t\t\t\t\t\t\t\t<img decoding=\"async\" width=\"724\" height=\"1024\" src=\"https:\/\/www.parafia-smicz.pl\/wp-content\/uploads\/2024\/05\/Zapyt-ofertowe-Smicz-2-724x1024.jpg\" class=\"attachment-large size-large wp-image-511\" alt=\"\" srcset=\"https:\/\/www.parafia-smicz.pl\/wp-content\/uploads\/2024\/05\/Zapyt-ofertowe-Smicz-2-724x1024.jpg 724w, https:\/\/www.parafia-smicz.pl\/wp-content\/uploads\/2024\/05\/Zapyt-ofertowe-Smicz-2-212x300.jpg 212w, https:\/\/www.parafia-smicz.pl\/wp-content\/uploads\/2024\/05\/Zapyt-ofertowe-Smicz-2-768x1086.jpg 768w, https:\/\/www.parafia-smicz.pl\/wp-content\/uploads\/2024\/05\/Zapyt-ofertowe-Smicz-2-1086x1536.jpg 1086w, https:\/\/www.parafia-smicz.pl\/wp-content\/uploads\/2024\/05\/Zapyt-ofertowe-Smicz-2-1448x2048.jpg 1448w, https:\/\/www.parafia-smicz.pl\/wp-content\/uploads\/2024\/05\/Zapyt-ofertowe-Smicz-2-scaled.jpg 1811w\" sizes=\"(max-width: 724px) 100vw, 724px\" \/>\t\t\t\t\t\t\t\t\t\t\t\t\t\t\t<\/div>\n\t\t\t\t\t<\/div>\n\t\t\t\t<\/div>\n\t\t<div class=\"elementor-element elementor-element-8b979d5 e-flex e-con-boxed e-con e-parent\" data-id=\"8b979d5\" data-element_type=\"container\" data-e-type=\"container\">\n\t\t\t\t\t<div class=\"e-con-inner\">\n\t\t\t\t<div class=\"elementor-element elementor-element-7b09a01 elementor-widget elementor-widget-image\" data-id=\"7b09a01\" data-element_type=\"widget\" data-e-type=\"widget\" data-widget_type=\"image.default\">\n\t\t\t\t\t\t\t\t\t\t\t\t\t\t\t<img decoding=\"async\" width=\"724\" height=\"1024\" src=\"https:\/\/www.parafia-smicz.pl\/wp-content\/uploads\/2024\/05\/Zapyt-ofertowe-Smicz-3-724x1024.jpg\" class=\"attachment-large size-large wp-image-510\" alt=\"\" srcset=\"https:\/\/www.parafia-smicz.pl\/wp-content\/uploads\/2024\/05\/Zapyt-ofertowe-Smicz-3-724x1024.jpg 724w, https:\/\/www.parafia-smicz.pl\/wp-content\/uploads\/2024\/05\/Zapyt-ofertowe-Smicz-3-212x300.jpg 212w, https:\/\/www.parafia-smicz.pl\/wp-content\/uploads\/2024\/05\/Zapyt-ofertowe-Smicz-3-768x1086.jpg 768w, https:\/\/www.parafia-smicz.pl\/wp-content\/uploads\/2024\/05\/Zapyt-ofertowe-Smicz-3-1086x1536.jpg 1086w, https:\/\/www.parafia-smicz.pl\/wp-content\/uploads\/2024\/05\/Zapyt-ofertowe-Smicz-3-1448x2048.jpg 1448w, https:\/\/www.parafia-smicz.pl\/wp-content\/uploads\/2024\/05\/Zapyt-ofertowe-Smicz-3-scaled.jpg 1811w\" sizes=\"(max-width: 724px) 100vw, 724px\" \/>\t\t\t\t\t\t\t\t\t\t\t\t\t\t\t<\/div>\n\t\t\t\t\t<\/div>\n\t\t\t\t<\/div>\n\t\t<div class=\"elementor-element elementor-element-62136fb e-flex e-con-boxed e-con e-parent\" data-id=\"62136fb\" data-element_type=\"container\" data-e-type=\"container\">\n\t\t\t\t\t<div class=\"e-con-inner\">\n\t\t\t\t<div class=\"elementor-element elementor-element-5ae600b elementor-widget elementor-widget-image\" data-id=\"5ae600b\" data-element_type=\"widget\" data-e-type=\"widget\" data-widget_type=\"image.default\">\n\t\t\t\t\t\t\t\t\t\t\t\t\t\t\t<img loading=\"lazy\" decoding=\"async\" width=\"724\" height=\"1024\" src=\"https:\/\/www.parafia-smicz.pl\/wp-content\/uploads\/2024\/05\/Zapyt-ofertowe-Smicz-4-724x1024.jpg\" class=\"attachment-large size-large wp-image-509\" alt=\"\" srcset=\"https:\/\/www.parafia-smicz.pl\/wp-content\/uploads\/2024\/05\/Zapyt-ofertowe-Smicz-4-724x1024.jpg 724w, https:\/\/www.parafia-smicz.pl\/wp-content\/uploads\/2024\/05\/Zapyt-ofertowe-Smicz-4-212x300.jpg 212w, https:\/\/www.parafia-smicz.pl\/wp-content\/uploads\/2024\/05\/Zapyt-ofertowe-Smicz-4-768x1086.jpg 768w, https:\/\/www.parafia-smicz.pl\/wp-content\/uploads\/2024\/05\/Zapyt-ofertowe-Smicz-4-1086x1536.jpg 1086w, https:\/\/www.parafia-smicz.pl\/wp-content\/uploads\/2024\/05\/Zapyt-ofertowe-Smicz-4-1448x2048.jpg 1448w, https:\/\/www.parafia-smicz.pl\/wp-content\/uploads\/2024\/05\/Zapyt-ofertowe-Smicz-4-scaled.jpg 1811w\" sizes=\"(max-width: 724px) 100vw, 724px\" \/>\t\t\t\t\t\t\t\t\t\t\t\t\t\t\t<\/div>\n\t\t\t\t\t<\/div>\n\t\t\t\t<\/div>\n\t\t<div class=\"elementor-element elementor-element-6e51bcb e-flex e-con-boxed e-con e-parent\" data-id=\"6e51bcb\" data-element_type=\"container\" data-e-type=\"container\">\n\t\t\t\t\t<div class=\"e-con-inner\">\n\t\t\t\t<div class=\"elementor-element elementor-element-b7da76e elementor-widget elementor-widget-image\" data-id=\"b7da76e\" data-element_type=\"widget\" data-e-type=\"widget\" data-widget_type=\"image.default\">\n\t\t\t\t\t\t\t\t\t\t\t\t\t\t\t<img loading=\"lazy\" decoding=\"async\" width=\"724\" height=\"1024\" src=\"https:\/\/www.parafia-smicz.pl\/wp-content\/uploads\/2024\/05\/Zapyt-ofertowe-Smicz-5-724x1024.jpg\" class=\"attachment-large size-large wp-image-508\" alt=\"\" srcset=\"https:\/\/www.parafia-smicz.pl\/wp-content\/uploads\/2024\/05\/Zapyt-ofertowe-Smicz-5-724x1024.jpg 724w, https:\/\/www.parafia-smicz.pl\/wp-content\/uploads\/2024\/05\/Zapyt-ofertowe-Smicz-5-212x300.jpg 212w, https:\/\/www.parafia-smicz.pl\/wp-content\/uploads\/2024\/05\/Zapyt-ofertowe-Smicz-5-768x1086.jpg 768w, https:\/\/www.parafia-smicz.pl\/wp-content\/uploads\/2024\/05\/Zapyt-ofertowe-Smicz-5-1086x1536.jpg 1086w, https:\/\/www.parafia-smicz.pl\/wp-content\/uploads\/2024\/05\/Zapyt-ofertowe-Smicz-5-1448x2048.jpg 1448w, https:\/\/www.parafia-smicz.pl\/wp-content\/uploads\/2024\/05\/Zapyt-ofertowe-Smicz-5-scaled.jpg 1811w\" sizes=\"(max-width: 724px) 100vw, 724px\" \/>\t\t\t\t\t\t\t\t\t\t\t\t\t\t\t<\/div>\n\t\t\t\t\t<\/div>\n\t\t\t\t<\/div>\n\t\t<div class=\"elementor-element elementor-element-c82faf1 e-flex e-con-boxed e-con e-parent\" data-id=\"c82faf1\" data-element_type=\"container\" data-e-type=\"container\">\n\t\t\t\t\t<div class=\"e-con-inner\">\n\t\t\t\t<div class=\"elementor-element elementor-element-09de5ee elementor-widget elementor-widget-image\" data-id=\"09de5ee\" data-element_type=\"widget\" data-e-type=\"widget\" data-widget_type=\"image.default\">\n\t\t\t\t\t\t\t\t\t\t\t\t\t\t\t<img loading=\"lazy\" decoding=\"async\" width=\"724\" height=\"1024\" src=\"https:\/\/www.parafia-smicz.pl\/wp-content\/uploads\/2024\/05\/Zapyt-ofertowe-Smicz-6-724x1024.jpg\" class=\"attachment-large size-large wp-image-507\" alt=\"\" srcset=\"https:\/\/www.parafia-smicz.pl\/wp-content\/uploads\/2024\/05\/Zapyt-ofertowe-Smicz-6-724x1024.jpg 724w, https:\/\/www.parafia-smicz.pl\/wp-content\/uploads\/2024\/05\/Zapyt-ofertowe-Smicz-6-212x300.jpg 212w, https:\/\/www.parafia-smicz.pl\/wp-content\/uploads\/2024\/05\/Zapyt-ofertowe-Smicz-6-768x1086.jpg 768w, https:\/\/www.parafia-smicz.pl\/wp-content\/uploads\/2024\/05\/Zapyt-ofertowe-Smicz-6-1086x1536.jpg 1086w, https:\/\/www.parafia-smicz.pl\/wp-content\/uploads\/2024\/05\/Zapyt-ofertowe-Smicz-6-1448x2048.jpg 1448w, https:\/\/www.parafia-smicz.pl\/wp-content\/uploads\/2024\/05\/Zapyt-ofertowe-Smicz-6-scaled.jpg 1811w\" sizes=\"(max-width: 724px) 100vw, 724px\" \/>\t\t\t\t\t\t\t\t\t\t\t\t\t\t\t<\/div>\n\t\t\t\t\t<\/div>\n\t\t\t\t<\/div>\n\t\t<div class=\"elementor-element elementor-element-e74ed88 e-flex e-con-boxed e-con e-parent\" data-id=\"e74ed88\" data-element_type=\"container\" data-e-type=\"container\">\n\t\t\t\t\t<div class=\"e-con-inner\">\n\t\t\t\t<div class=\"elementor-element elementor-element-1444698 elementor-widget elementor-widget-image\" data-id=\"1444698\" data-element_type=\"widget\" data-e-type=\"widget\" data-widget_type=\"image.default\">\n\t\t\t\t\t\t\t\t\t\t\t\t\t\t\t<img loading=\"lazy\" decoding=\"async\" width=\"724\" height=\"1024\" src=\"https:\/\/www.parafia-smicz.pl\/wp-content\/uploads\/2024\/05\/Zapyt-ofertowe-Smicz-7-724x1024.jpg\" class=\"attachment-large size-large wp-image-506\" alt=\"\" srcset=\"https:\/\/www.parafia-smicz.pl\/wp-content\/uploads\/2024\/05\/Zapyt-ofertowe-Smicz-7-724x1024.jpg 724w, https:\/\/www.parafia-smicz.pl\/wp-content\/uploads\/2024\/05\/Zapyt-ofertowe-Smicz-7-212x300.jpg 212w, https:\/\/www.parafia-smicz.pl\/wp-content\/uploads\/2024\/05\/Zapyt-ofertowe-Smicz-7-768x1086.jpg 768w, https:\/\/www.parafia-smicz.pl\/wp-content\/uploads\/2024\/05\/Zapyt-ofertowe-Smicz-7-1086x1536.jpg 1086w, https:\/\/www.parafia-smicz.pl\/wp-content\/uploads\/2024\/05\/Zapyt-ofertowe-Smicz-7-1448x2048.jpg 1448w, https:\/\/www.parafia-smicz.pl\/wp-content\/uploads\/2024\/05\/Zapyt-ofertowe-Smicz-7-scaled.jpg 1811w\" sizes=\"(max-width: 724px) 100vw, 724px\" \/>\t\t\t\t\t\t\t\t\t\t\t\t\t\t\t<\/div>\n\t\t\t\t\t<\/div>\n\t\t\t\t<\/div>\n\t\t<div class=\"elementor-element elementor-element-3ef7ba2 e-flex e-con-boxed e-con e-parent\" data-id=\"3ef7ba2\" data-element_type=\"container\" data-e-type=\"container\">\n\t\t\t\t\t<div class=\"e-con-inner\">\n\t\t\t\t<div class=\"elementor-element elementor-element-1804d90 elementor-widget elementor-widget-image\" data-id=\"1804d90\" data-element_type=\"widget\" data-e-type=\"widget\" data-widget_type=\"image.default\">\n\t\t\t\t\t\t\t\t\t\t\t\t\t\t\t<img loading=\"lazy\" decoding=\"async\" width=\"724\" height=\"1024\" src=\"https:\/\/www.parafia-smicz.pl\/wp-content\/uploads\/2024\/05\/Zapyt-ofertowe-Smicz-8-724x1024.jpg\" class=\"attachment-large size-large wp-image-505\" alt=\"\" srcset=\"https:\/\/www.parafia-smicz.pl\/wp-content\/uploads\/2024\/05\/Zapyt-ofertowe-Smicz-8-724x1024.jpg 724w, https:\/\/www.parafia-smicz.pl\/wp-content\/uploads\/2024\/05\/Zapyt-ofertowe-Smicz-8-212x300.jpg 212w, https:\/\/www.parafia-smicz.pl\/wp-content\/uploads\/2024\/05\/Zapyt-ofertowe-Smicz-8-768x1086.jpg 768w, https:\/\/www.parafia-smicz.pl\/wp-content\/uploads\/2024\/05\/Zapyt-ofertowe-Smicz-8-1086x1536.jpg 1086w, https:\/\/www.parafia-smicz.pl\/wp-content\/uploads\/2024\/05\/Zapyt-ofertowe-Smicz-8-1448x2048.jpg 1448w, https:\/\/www.parafia-smicz.pl\/wp-content\/uploads\/2024\/05\/Zapyt-ofertowe-Smicz-8-scaled.jpg 1811w\" sizes=\"(max-width: 724px) 100vw, 724px\" \/>\t\t\t\t\t\t\t\t\t\t\t\t\t\t\t<\/div>\n\t\t\t\t\t<\/div>\n\t\t\t\t<\/div>\n\t\t<div class=\"elementor-element elementor-element-041267b e-flex e-con-boxed e-con e-parent\" data-id=\"041267b\" data-element_type=\"container\" data-e-type=\"container\">\n\t\t\t\t\t<div class=\"e-con-inner\">\n\t\t\t\t<div class=\"elementor-element elementor-element-43b0865 elementor-widget elementor-widget-image\" data-id=\"43b0865\" data-element_type=\"widget\" data-e-type=\"widget\" data-widget_type=\"image.default\">\n\t\t\t\t\t\t\t\t\t\t\t\t\t\t\t<img loading=\"lazy\" decoding=\"async\" width=\"724\" height=\"1024\" src=\"https:\/\/www.parafia-smicz.pl\/wp-content\/uploads\/2024\/05\/Zapyt-ofertowe-Smicz-9-724x1024.jpg\" class=\"attachment-large size-large wp-image-504\" alt=\"\" srcset=\"https:\/\/www.parafia-smicz.pl\/wp-content\/uploads\/2024\/05\/Zapyt-ofertowe-Smicz-9-724x1024.jpg 724w, https:\/\/www.parafia-smicz.pl\/wp-content\/uploads\/2024\/05\/Zapyt-ofertowe-Smicz-9-212x300.jpg 212w, https:\/\/www.parafia-smicz.pl\/wp-content\/uploads\/2024\/05\/Zapyt-ofertowe-Smicz-9-768x1086.jpg 768w, https:\/\/www.parafia-smicz.pl\/wp-content\/uploads\/2024\/05\/Zapyt-ofertowe-Smicz-9-1086x1536.jpg 1086w, https:\/\/www.parafia-smicz.pl\/wp-content\/uploads\/2024\/05\/Zapyt-ofertowe-Smicz-9-1448x2048.jpg 1448w, https:\/\/www.parafia-smicz.pl\/wp-content\/uploads\/2024\/05\/Zapyt-ofertowe-Smicz-9-scaled.jpg 1811w\" sizes=\"(max-width: 724px) 100vw, 724px\" \/>\t\t\t\t\t\t\t\t\t\t\t\t\t\t\t<\/div>\n\t\t\t\t\t<\/div>\n\t\t\t\t<\/div>\n\t\t<div class=\"elementor-element elementor-element-beccc50 e-flex e-con-boxed e-con e-parent\" data-id=\"beccc50\" data-element_type=\"container\" data-e-type=\"container\">\n\t\t\t\t\t<div class=\"e-con-inner\">\n\t\t\t\t<div class=\"elementor-element elementor-element-5b14cc9 elementor-widget elementor-widget-image\" data-id=\"5b14cc9\" data-element_type=\"widget\" data-e-type=\"widget\" data-widget_type=\"image.default\">\n\t\t\t\t\t\t\t\t\t\t\t\t\t\t\t<img loading=\"lazy\" decoding=\"async\" width=\"724\" height=\"1024\" src=\"https:\/\/www.parafia-smicz.pl\/wp-content\/uploads\/2024\/05\/Zapyt-ofertowe-Smicz-10-724x1024.jpg\" class=\"attachment-large size-large wp-image-503\" alt=\"\" srcset=\"https:\/\/www.parafia-smicz.pl\/wp-content\/uploads\/2024\/05\/Zapyt-ofertowe-Smicz-10-724x1024.jpg 724w, https:\/\/www.parafia-smicz.pl\/wp-content\/uploads\/2024\/05\/Zapyt-ofertowe-Smicz-10-212x300.jpg 212w, https:\/\/www.parafia-smicz.pl\/wp-content\/uploads\/2024\/05\/Zapyt-ofertowe-Smicz-10-768x1086.jpg 768w, https:\/\/www.parafia-smicz.pl\/wp-content\/uploads\/2024\/05\/Zapyt-ofertowe-Smicz-10-1086x1536.jpg 1086w, https:\/\/www.parafia-smicz.pl\/wp-content\/uploads\/2024\/05\/Zapyt-ofertowe-Smicz-10-1448x2048.jpg 1448w, https:\/\/www.parafia-smicz.pl\/wp-content\/uploads\/2024\/05\/Zapyt-ofertowe-Smicz-10-scaled.jpg 1811w\" sizes=\"(max-width: 724px) 100vw, 724px\" \/>\t\t\t\t\t\t\t\t\t\t\t\t\t\t\t<\/div>\n\t\t\t\t\t<\/div>\n\t\t\t\t<\/div>\n\t\t<div class=\"elementor-element elementor-element-5015be2 e-flex e-con-boxed e-con e-parent\" data-id=\"5015be2\" data-element_type=\"container\" data-e-type=\"container\">\n\t\t\t\t\t<div class=\"e-con-inner\">\n\t\t\t\t<div class=\"elementor-element elementor-element-aa8d67a elementor-widget elementor-widget-image\" data-id=\"aa8d67a\" data-element_type=\"widget\" data-e-type=\"widget\" data-widget_type=\"image.default\">\n\t\t\t\t\t\t\t\t\t\t\t\t\t\t\t<img loading=\"lazy\" decoding=\"async\" width=\"724\" height=\"1024\" src=\"https:\/\/www.parafia-smicz.pl\/wp-content\/uploads\/2024\/05\/Zapyt-ofertowe-Smicz-11-724x1024.jpg\" class=\"attachment-large size-large wp-image-502\" alt=\"\" srcset=\"https:\/\/www.parafia-smicz.pl\/wp-content\/uploads\/2024\/05\/Zapyt-ofertowe-Smicz-11-724x1024.jpg 724w, https:\/\/www.parafia-smicz.pl\/wp-content\/uploads\/2024\/05\/Zapyt-ofertowe-Smicz-11-212x300.jpg 212w, https:\/\/www.parafia-smicz.pl\/wp-content\/uploads\/2024\/05\/Zapyt-ofertowe-Smicz-11-768x1086.jpg 768w, https:\/\/www.parafia-smicz.pl\/wp-content\/uploads\/2024\/05\/Zapyt-ofertowe-Smicz-11-1086x1536.jpg 1086w, https:\/\/www.parafia-smicz.pl\/wp-content\/uploads\/2024\/05\/Zapyt-ofertowe-Smicz-11-1448x2048.jpg 1448w, https:\/\/www.parafia-smicz.pl\/wp-content\/uploads\/2024\/05\/Zapyt-ofertowe-Smicz-11-scaled.jpg 1811w\" sizes=\"(max-width: 724px) 100vw, 724px\" \/>\t\t\t\t\t\t\t\t\t\t\t\t\t\t\t<\/div>\n\t\t\t\t\t<\/div>\n\t\t\t\t<\/div>\n\t\t<div class=\"elementor-element elementor-element-cd3d551 e-flex e-con-boxed e-con e-parent\" data-id=\"cd3d551\" data-element_type=\"container\" data-e-type=\"container\">\n\t\t\t\t\t<div class=\"e-con-inner\">\n\t\t\t\t<div class=\"elementor-element elementor-element-5a1b4b6 elementor-widget elementor-widget-image\" data-id=\"5a1b4b6\" data-element_type=\"widget\" data-e-type=\"widget\" data-widget_type=\"image.default\">\n\t\t\t\t\t\t\t\t\t\t\t\t\t\t\t<img loading=\"lazy\" decoding=\"async\" width=\"724\" height=\"1024\" src=\"https:\/\/www.parafia-smicz.pl\/wp-content\/uploads\/2024\/05\/Zapyt-ofertowe-Smicz-12-724x1024.jpg\" class=\"attachment-large size-large wp-image-501\" alt=\"\" srcset=\"https:\/\/www.parafia-smicz.pl\/wp-content\/uploads\/2024\/05\/Zapyt-ofertowe-Smicz-12-724x1024.jpg 724w, https:\/\/www.parafia-smicz.pl\/wp-content\/uploads\/2024\/05\/Zapyt-ofertowe-Smicz-12-212x300.jpg 212w, https:\/\/www.parafia-smicz.pl\/wp-content\/uploads\/2024\/05\/Zapyt-ofertowe-Smicz-12-768x1086.jpg 768w, https:\/\/www.parafia-smicz.pl\/wp-content\/uploads\/2024\/05\/Zapyt-ofertowe-Smicz-12-1086x1536.jpg 1086w, https:\/\/www.parafia-smicz.pl\/wp-content\/uploads\/2024\/05\/Zapyt-ofertowe-Smicz-12-1448x2048.jpg 1448w, https:\/\/www.parafia-smicz.pl\/wp-content\/uploads\/2024\/05\/Zapyt-ofertowe-Smicz-12-scaled.jpg 1811w\" sizes=\"(max-width: 724px) 100vw, 724px\" \/>\t\t\t\t\t\t\t\t\t\t\t\t\t\t\t<\/div>\n\t\t\t\t\t<\/div>\n\t\t\t\t<\/div>\n\t\t<div class=\"elementor-element elementor-element-edc3a82 e-flex e-con-boxed e-con e-parent\" data-id=\"edc3a82\" data-element_type=\"container\" data-e-type=\"container\">\n\t\t\t\t\t<div class=\"e-con-inner\">\n\t\t\t\t<div class=\"elementor-element elementor-element-a53b747 elementor-widget elementor-widget-image\" data-id=\"a53b747\" data-element_type=\"widget\" data-e-type=\"widget\" data-widget_type=\"image.default\">\n\t\t\t\t\t\t\t\t\t\t\t\t\t\t\t<img loading=\"lazy\" decoding=\"async\" width=\"724\" height=\"1024\" src=\"https:\/\/www.parafia-smicz.pl\/wp-content\/uploads\/2024\/05\/Zapyt-ofertowe-Smicz-13-724x1024.jpg\" class=\"attachment-large size-large wp-image-500\" alt=\"\" srcset=\"https:\/\/www.parafia-smicz.pl\/wp-content\/uploads\/2024\/05\/Zapyt-ofertowe-Smicz-13-724x1024.jpg 724w, https:\/\/www.parafia-smicz.pl\/wp-content\/uploads\/2024\/05\/Zapyt-ofertowe-Smicz-13-212x300.jpg 212w, https:\/\/www.parafia-smicz.pl\/wp-content\/uploads\/2024\/05\/Zapyt-ofertowe-Smicz-13-768x1086.jpg 768w, https:\/\/www.parafia-smicz.pl\/wp-content\/uploads\/2024\/05\/Zapyt-ofertowe-Smicz-13-1086x1536.jpg 1086w, https:\/\/www.parafia-smicz.pl\/wp-content\/uploads\/2024\/05\/Zapyt-ofertowe-Smicz-13-1448x2048.jpg 1448w, https:\/\/www.parafia-smicz.pl\/wp-content\/uploads\/2024\/05\/Zapyt-ofertowe-Smicz-13-scaled.jpg 1811w\" sizes=\"(max-width: 724px) 100vw, 724px\" \/>\t\t\t\t\t\t\t\t\t\t\t\t\t\t\t<\/div>\n\t\t\t\t\t<\/div>\n\t\t\t\t<\/div>\n\t\t<div class=\"elementor-element elementor-element-2e2e8cd e-flex e-con-boxed e-con e-parent\" data-id=\"2e2e8cd\" data-element_type=\"container\" data-e-type=\"container\">\n\t\t\t\t\t<div class=\"e-con-inner\">\n\t\t\t\t<div class=\"elementor-element elementor-element-7d8d9d6 elementor-invisible elementor-widget elementor-widget-text-path\" data-id=\"7d8d9d6\" data-element_type=\"widget\" data-e-type=\"widget\" data-settings=\"{&quot;text&quot;:&quot;Link do pobrania za\\u0142\\u0105cznik\\u00f3w&quot;,&quot;link&quot;:{&quot;url&quot;:&quot;https:\\\/\\\/bip.powiatprudnicki.pl\\\/7468\\\/1910\\\/26-04-2024-remont-konserwatorski-elewacji-wiezy-kosciola-w-smiczu.html&quot;,&quot;is_external&quot;:&quot;&quot;,&quot;nofollow&quot;:&quot;&quot;,&quot;custom_attributes&quot;:&quot;&quot;},&quot;align&quot;:&quot;center&quot;,&quot;text_path_direction&quot;:&quot;ltr&quot;,&quot;_animation&quot;:&quot;fadeInDown&quot;,&quot;start_point&quot;:{&quot;unit&quot;:&quot;%&quot;,&quot;size&quot;:0,&quot;sizes&quot;:[]}}\" data-widget_type=\"text-path.default\">\n\t\t\t\t\t\t\t<div class=\"e-text-path\" data-text=\"Link do pobrania za\u0142\u0105cznik&oacute;w\" data-url=\"\/\/www.parafia-smicz.pl\/wp-content\/plugins\/elementor\/assets\/svg-paths\/line.svg\" data-link-url=\"https:\/\/bip.powiatprudnicki.pl\/7468\/1910\/26-04-2024-remont-konserwatorski-elewacji-wiezy-kosciola-w-smiczu.html\"><\/div>\n\t\t\t\t\t\t<\/div>\n\t\t\t\t\t<\/div>\n\t\t\t\t<\/div>\n\t\t\t\t<\/div>\n\t\t","protected":false},"excerpt":{"rendered":"<p>Zapytanie ofertowe na realizacj\u0119 zadania inwestycyjnego pn. &#8221; Remont konserwatorski elewacji wie\u017cy ko\u015bcio\u0142a w \u015amiczu&#8221;<\/p>\n","protected":false},"author":1,"featured_media":0,"parent":0,"menu_order":0,"comment_status":"closed","ping_status":"closed","template":"","meta":{"ocean_post_layout":"full-screen","ocean_both_sidebars_style":"","ocean_both_sidebars_content_width":0,"ocean_both_sidebars_sidebars_width":0,"ocean_sidebar":"","ocean_second_sidebar":"","ocean_disable_margins":"enable","ocean_add_body_class":"","ocean_shortcode_before_top_bar":"","ocean_shortcode_after_top_bar":"","ocean_shortcode_before_header":"","ocean_shortcode_after_header":"","ocean_has_shortcode":"","ocean_shortcode_after_title":"","ocean_shortcode_before_footer_widgets":"","ocean_shortcode_after_footer_widgets":"","ocean_shortcode_before_footer_bottom":"","ocean_shortcode_after_footer_bottom":"","ocean_display_top_bar":"off","ocean_display_header":"default","ocean_header_style":"","ocean_center_header_left_menu":"","ocean_custom_header_template":"","ocean_custom_logo":0,"ocean_custom_retina_logo":0,"ocean_custom_logo_max_width":0,"ocean_custom_logo_tablet_max_width":0,"ocean_custom_logo_mobile_max_width":0,"ocean_custom_logo_max_height":0,"ocean_custom_logo_tablet_max_height":0,"ocean_custom_logo_mobile_max_height":0,"ocean_header_custom_menu":"","ocean_menu_typo_font_family":"","ocean_menu_typo_font_subset":"","ocean_menu_typo_font_size":0,"ocean_menu_typo_font_size_tablet":0,"ocean_menu_typo_font_size_mobile":0,"ocean_menu_typo_font_size_unit":"px","ocean_menu_typo_font_weight":"","ocean_menu_typo_font_weight_tablet":"","ocean_menu_typo_font_weight_mobile":"","ocean_menu_typo_transform":"","ocean_menu_typo_transform_tablet":"","ocean_menu_typo_transform_mobile":"","ocean_menu_typo_line_height":0,"ocean_menu_typo_line_height_tablet":0,"ocean_menu_typo_line_height_mobile":0,"ocean_menu_typo_line_height_unit":"","ocean_menu_typo_spacing":0,"ocean_menu_typo_spacing_tablet":0,"ocean_menu_typo_spacing_mobile":0,"ocean_menu_typo_spacing_unit":"","ocean_menu_link_color":"","ocean_menu_link_color_hover":"","ocean_menu_link_color_active":"","ocean_menu_link_background":"","ocean_menu_link_hover_background":"","ocean_menu_link_active_background":"","ocean_menu_social_links_bg":"","ocean_menu_social_hover_links_bg":"","ocean_menu_social_links_color":"","ocean_menu_social_hover_links_color":"","ocean_disable_title":"on","ocean_disable_heading":"default","ocean_post_title":"","ocean_post_subheading":"","ocean_post_title_style":"","ocean_post_title_background_color":"","ocean_post_title_background":0,"ocean_post_title_bg_image_position":"","ocean_post_title_bg_image_attachment":"","ocean_post_title_bg_image_repeat":"","ocean_post_title_bg_image_size":"","ocean_post_title_height":0,"ocean_post_title_bg_overlay":0.5,"ocean_post_title_bg_overlay_color":"","ocean_disable_breadcrumbs":"default","ocean_breadcrumbs_color":"","ocean_breadcrumbs_separator_color":"","ocean_breadcrumbs_links_color":"","ocean_breadcrumbs_links_hover_color":"","ocean_display_footer_widgets":"off","ocean_display_footer_bottom":"off","ocean_custom_footer_template":"","footnotes":""},"class_list":["post-332","page","type-page","status-publish","hentry","entry"],"_links":{"self":[{"href":"https:\/\/www.parafia-smicz.pl\/index.php?rest_route=\/wp\/v2\/pages\/332","targetHints":{"allow":["GET"]}}],"collection":[{"href":"https:\/\/www.parafia-smicz.pl\/index.php?rest_route=\/wp\/v2\/pages"}],"about":[{"href":"https:\/\/www.parafia-smicz.pl\/index.php?rest_route=\/wp\/v2\/types\/page"}],"author":[{"embeddable":true,"href":"https:\/\/www.parafia-smicz.pl\/index.php?rest_route=\/wp\/v2\/users\/1"}],"replies":[{"embeddable":true,"href":"https:\/\/www.parafia-smicz.pl\/index.php?rest_route=%2Fwp%2Fv2%2Fcomments&post=332"}],"version-history":[{"count":37,"href":"https:\/\/www.parafia-smicz.pl\/index.php?rest_route=\/wp\/v2\/pages\/332\/revisions"}],"predecessor-version":[{"id":515,"href":"https:\/\/www.parafia-smicz.pl\/index.php?rest_route=\/wp\/v2\/pages\/332\/revisions\/515"}],"wp:attachment":[{"href":"https:\/\/www.parafia-smicz.pl\/index.php?rest_route=%2Fwp%2Fv2%2Fmedia&parent=332"}],"curies":[{"name":"wp","href":"https:\/\/api.w.org\/{rel}","templated":true}]}}