{"id":861,"date":"2024-12-28T17:08:40","date_gmt":"2024-12-28T17:08:40","guid":{"rendered":"https:\/\/www.parafia-smicz.pl\/?page_id=861"},"modified":"2024-12-28T17:12:51","modified_gmt":"2024-12-28T17:12:51","slug":"remont-napedu-dzwonow-12-2024","status":"publish","type":"page","link":"https:\/\/www.parafia-smicz.pl\/?page_id=861","title":{"rendered":"Remont nap\u0119du dzwon\u00f3w-12.2024"},"content":{"rendered":"\t\t<div data-elementor-type=\"wp-page\" data-elementor-id=\"861\" class=\"elementor elementor-861\">\n\t\t\t\t<div class=\"elementor-element elementor-element-ea3fcde e-flex e-con-boxed e-con e-parent\" data-id=\"ea3fcde\" data-element_type=\"container\" data-e-type=\"container\">\n\t\t\t\t\t<div class=\"e-con-inner\">\n\t\t\t\t<div class=\"elementor-element elementor-element-1c283b4 elementor-widget elementor-widget-heading\" data-id=\"1c283b4\" data-element_type=\"widget\" data-e-type=\"widget\" data-widget_type=\"heading.default\">\n\t\t\t\t\t<h2 class=\"elementor-heading-title elementor-size-default\">Remont nap\u0119du dzwon\u00f3w w Ko\u015bciele Parafialnym w \u015amiczu- 12.2024<\/h2>\t\t\t\t<\/div>\n\t\t\t\t\t<\/div>\n\t\t\t\t<\/div>\n\t\t<div class=\"elementor-element elementor-element-436d87f e-flex e-con-boxed e-con e-parent\" data-id=\"436d87f\" data-element_type=\"container\" data-e-type=\"container\">\n\t\t\t\t\t<div class=\"e-con-inner\">\n\t\t\t\t<div class=\"elementor-element elementor-element-f50e93f elementor-widget elementor-widget-image\" data-id=\"f50e93f\" data-element_type=\"widget\" data-e-type=\"widget\" data-widget_type=\"image.default\">\n\t\t\t\t\t\t\t\t\t\t\t\t\t\t\t<img fetchpriority=\"high\" decoding=\"async\" width=\"1024\" height=\"768\" src=\"https:\/\/www.parafia-smicz.pl\/wp-content\/uploads\/2024\/12\/IMG-20241227-WA0010-1024x768.jpg\" class=\"attachment-large size-large wp-image-854\" alt=\"\" srcset=\"https:\/\/www.parafia-smicz.pl\/wp-content\/uploads\/2024\/12\/IMG-20241227-WA0010-1024x768.jpg 1024w, https:\/\/www.parafia-smicz.pl\/wp-content\/uploads\/2024\/12\/IMG-20241227-WA0010-300x225.jpg 300w, https:\/\/www.parafia-smicz.pl\/wp-content\/uploads\/2024\/12\/IMG-20241227-WA0010-768x576.jpg 768w, https:\/\/www.parafia-smicz.pl\/wp-content\/uploads\/2024\/12\/IMG-20241227-WA0010-1536x1152.jpg 1536w, https:\/\/www.parafia-smicz.pl\/wp-content\/uploads\/2024\/12\/IMG-20241227-WA0010.jpg 1600w\" sizes=\"(max-width: 1024px) 100vw, 1024px\" \/>\t\t\t\t\t\t\t\t\t\t\t\t\t\t\t<\/div>\n\t\t\t\t\t<\/div>\n\t\t\t\t<\/div>\n\t\t<div class=\"elementor-element elementor-element-e78b1e9 e-flex e-con-boxed e-con e-parent\" data-id=\"e78b1e9\" data-element_type=\"container\" data-e-type=\"container\">\n\t\t\t\t\t<div class=\"e-con-inner\">\n\t\t\t\t<div class=\"elementor-element elementor-element-a23b6b5 elementor-widget elementor-widget-image\" data-id=\"a23b6b5\" data-element_type=\"widget\" data-e-type=\"widget\" data-widget_type=\"image.default\">\n\t\t\t\t\t\t\t\t\t\t\t\t\t\t\t<img decoding=\"async\" width=\"1024\" height=\"768\" src=\"https:\/\/www.parafia-smicz.pl\/wp-content\/uploads\/2024\/12\/IMG-20241227-WA0009-1024x768.jpg\" class=\"attachment-large size-large wp-image-853\" alt=\"\" srcset=\"https:\/\/www.parafia-smicz.pl\/wp-content\/uploads\/2024\/12\/IMG-20241227-WA0009-1024x768.jpg 1024w, https:\/\/www.parafia-smicz.pl\/wp-content\/uploads\/2024\/12\/IMG-20241227-WA0009-300x225.jpg 300w, https:\/\/www.parafia-smicz.pl\/wp-content\/uploads\/2024\/12\/IMG-20241227-WA0009-768x576.jpg 768w, https:\/\/www.parafia-smicz.pl\/wp-content\/uploads\/2024\/12\/IMG-20241227-WA0009-1536x1152.jpg 1536w, https:\/\/www.parafia-smicz.pl\/wp-content\/uploads\/2024\/12\/IMG-20241227-WA0009.jpg 1600w\" sizes=\"(max-width: 1024px) 100vw, 1024px\" \/>\t\t\t\t\t\t\t\t\t\t\t\t\t\t\t<\/div>\n\t\t\t\t\t<\/div>\n\t\t\t\t<\/div>\n\t\t<div class=\"elementor-element elementor-element-9d3c513 e-flex e-con-boxed e-con e-parent\" data-id=\"9d3c513\" data-element_type=\"container\" data-e-type=\"container\">\n\t\t\t\t\t<div class=\"e-con-inner\">\n\t\t\t\t<div class=\"elementor-element elementor-element-f0ce9fe elementor-widget elementor-widget-image\" data-id=\"f0ce9fe\" data-element_type=\"widget\" data-e-type=\"widget\" data-widget_type=\"image.default\">\n\t\t\t\t\t\t\t\t\t\t\t\t\t\t\t<img decoding=\"async\" width=\"1024\" height=\"768\" src=\"https:\/\/www.parafia-smicz.pl\/wp-content\/uploads\/2024\/12\/IMG-20241227-WA0008-1024x768.jpg\" class=\"attachment-large size-large wp-image-851\" alt=\"\" srcset=\"https:\/\/www.parafia-smicz.pl\/wp-content\/uploads\/2024\/12\/IMG-20241227-WA0008-1024x768.jpg 1024w, https:\/\/www.parafia-smicz.pl\/wp-content\/uploads\/2024\/12\/IMG-20241227-WA0008-300x225.jpg 300w, https:\/\/www.parafia-smicz.pl\/wp-content\/uploads\/2024\/12\/IMG-20241227-WA0008-768x576.jpg 768w, https:\/\/www.parafia-smicz.pl\/wp-content\/uploads\/2024\/12\/IMG-20241227-WA0008-1536x1152.jpg 1536w, https:\/\/www.parafia-smicz.pl\/wp-content\/uploads\/2024\/12\/IMG-20241227-WA0008.jpg 1600w\" sizes=\"(max-width: 1024px) 100vw, 1024px\" \/>\t\t\t\t\t\t\t\t\t\t\t\t\t\t\t<\/div>\n\t\t\t\t\t<\/div>\n\t\t\t\t<\/div>\n\t\t<div class=\"elementor-element elementor-element-3fcefb7 e-flex e-con-boxed e-con e-parent\" data-id=\"3fcefb7\" data-element_type=\"container\" data-e-type=\"container\">\n\t\t\t\t\t<div class=\"e-con-inner\">\n\t\t\t\t<div class=\"elementor-element elementor-element-070784d elementor-widget elementor-widget-image\" data-id=\"070784d\" data-element_type=\"widget\" data-e-type=\"widget\" data-widget_type=\"image.default\">\n\t\t\t\t\t\t\t\t\t\t\t\t\t\t\t<img loading=\"lazy\" decoding=\"async\" width=\"1024\" height=\"768\" src=\"https:\/\/www.parafia-smicz.pl\/wp-content\/uploads\/2024\/12\/IMG-20241227-WA0007-1024x768.jpg\" class=\"attachment-large size-large wp-image-850\" alt=\"\" srcset=\"https:\/\/www.parafia-smicz.pl\/wp-content\/uploads\/2024\/12\/IMG-20241227-WA0007-1024x768.jpg 1024w, https:\/\/www.parafia-smicz.pl\/wp-content\/uploads\/2024\/12\/IMG-20241227-WA0007-300x225.jpg 300w, https:\/\/www.parafia-smicz.pl\/wp-content\/uploads\/2024\/12\/IMG-20241227-WA0007-768x576.jpg 768w, https:\/\/www.parafia-smicz.pl\/wp-content\/uploads\/2024\/12\/IMG-20241227-WA0007-1536x1152.jpg 1536w, https:\/\/www.parafia-smicz.pl\/wp-content\/uploads\/2024\/12\/IMG-20241227-WA0007.jpg 1600w\" sizes=\"(max-width: 1024px) 100vw, 1024px\" \/>\t\t\t\t\t\t\t\t\t\t\t\t\t\t\t<\/div>\n\t\t\t\t\t<\/div>\n\t\t\t\t<\/div>\n\t\t<div class=\"elementor-element elementor-element-61fd3ca e-flex e-con-boxed e-con e-parent\" data-id=\"61fd3ca\" data-element_type=\"container\" data-e-type=\"container\">\n\t\t\t\t\t<div class=\"e-con-inner\">\n\t\t\t\t<div class=\"elementor-element elementor-element-848e4d4 elementor-widget elementor-widget-image\" data-id=\"848e4d4\" data-element_type=\"widget\" data-e-type=\"widget\" data-widget_type=\"image.default\">\n\t\t\t\t\t\t\t\t\t\t\t\t\t\t\t<img loading=\"lazy\" decoding=\"async\" width=\"1024\" height=\"768\" src=\"https:\/\/www.parafia-smicz.pl\/wp-content\/uploads\/2024\/12\/IMG-20241227-WA0006-1024x768.jpg\" class=\"attachment-large size-large wp-image-849\" alt=\"\" srcset=\"https:\/\/www.parafia-smicz.pl\/wp-content\/uploads\/2024\/12\/IMG-20241227-WA0006-1024x768.jpg 1024w, https:\/\/www.parafia-smicz.pl\/wp-content\/uploads\/2024\/12\/IMG-20241227-WA0006-300x225.jpg 300w, https:\/\/www.parafia-smicz.pl\/wp-content\/uploads\/2024\/12\/IMG-20241227-WA0006-768x576.jpg 768w, https:\/\/www.parafia-smicz.pl\/wp-content\/uploads\/2024\/12\/IMG-20241227-WA0006-1536x1152.jpg 1536w, https:\/\/www.parafia-smicz.pl\/wp-content\/uploads\/2024\/12\/IMG-20241227-WA0006.jpg 1600w\" sizes=\"(max-width: 1024px) 100vw, 1024px\" \/>\t\t\t\t\t\t\t\t\t\t\t\t\t\t\t<\/div>\n\t\t\t\t\t<\/div>\n\t\t\t\t<\/div>\n\t\t<div class=\"elementor-element elementor-element-2544df9 e-flex e-con-boxed e-con e-parent\" data-id=\"2544df9\" data-element_type=\"container\" data-e-type=\"container\">\n\t\t\t\t\t<div class=\"e-con-inner\">\n\t\t\t\t<div class=\"elementor-element elementor-element-6c2662f elementor-widget elementor-widget-image\" data-id=\"6c2662f\" data-element_type=\"widget\" data-e-type=\"widget\" data-widget_type=\"image.default\">\n\t\t\t\t\t\t\t\t\t\t\t\t\t\t\t<img loading=\"lazy\" decoding=\"async\" width=\"1024\" height=\"768\" src=\"https:\/\/www.parafia-smicz.pl\/wp-content\/uploads\/2024\/12\/IMG-20241227-WA0005-1024x768.jpg\" class=\"attachment-large size-large wp-image-848\" alt=\"\" srcset=\"https:\/\/www.parafia-smicz.pl\/wp-content\/uploads\/2024\/12\/IMG-20241227-WA0005-1024x768.jpg 1024w, https:\/\/www.parafia-smicz.pl\/wp-content\/uploads\/2024\/12\/IMG-20241227-WA0005-300x225.jpg 300w, https:\/\/www.parafia-smicz.pl\/wp-content\/uploads\/2024\/12\/IMG-20241227-WA0005-768x576.jpg 768w, https:\/\/www.parafia-smicz.pl\/wp-content\/uploads\/2024\/12\/IMG-20241227-WA0005-1536x1152.jpg 1536w, https:\/\/www.parafia-smicz.pl\/wp-content\/uploads\/2024\/12\/IMG-20241227-WA0005.jpg 1600w\" sizes=\"(max-width: 1024px) 100vw, 1024px\" \/>\t\t\t\t\t\t\t\t\t\t\t\t\t\t\t<\/div>\n\t\t\t\t\t<\/div>\n\t\t\t\t<\/div>\n\t\t<div class=\"elementor-element elementor-element-1b9d594 e-flex e-con-boxed e-con e-parent\" data-id=\"1b9d594\" data-element_type=\"container\" data-e-type=\"container\">\n\t\t\t\t\t<div class=\"e-con-inner\">\n\t\t\t\t<div class=\"elementor-element elementor-element-eb2fdf6 elementor-widget elementor-widget-image\" data-id=\"eb2fdf6\" data-element_type=\"widget\" data-e-type=\"widget\" data-widget_type=\"image.default\">\n\t\t\t\t\t\t\t\t\t\t\t\t\t\t\t<img loading=\"lazy\" decoding=\"async\" width=\"1024\" height=\"768\" src=\"https:\/\/www.parafia-smicz.pl\/wp-content\/uploads\/2024\/12\/IMG-20241227-WA0004-1024x768.jpg\" class=\"attachment-large size-large wp-image-847\" alt=\"\" srcset=\"https:\/\/www.parafia-smicz.pl\/wp-content\/uploads\/2024\/12\/IMG-20241227-WA0004-1024x768.jpg 1024w, https:\/\/www.parafia-smicz.pl\/wp-content\/uploads\/2024\/12\/IMG-20241227-WA0004-300x225.jpg 300w, https:\/\/www.parafia-smicz.pl\/wp-content\/uploads\/2024\/12\/IMG-20241227-WA0004-768x576.jpg 768w, https:\/\/www.parafia-smicz.pl\/wp-content\/uploads\/2024\/12\/IMG-20241227-WA0004-1536x1152.jpg 1536w, https:\/\/www.parafia-smicz.pl\/wp-content\/uploads\/2024\/12\/IMG-20241227-WA0004.jpg 1600w\" sizes=\"(max-width: 1024px) 100vw, 1024px\" \/>\t\t\t\t\t\t\t\t\t\t\t\t\t\t\t<\/div>\n\t\t\t\t\t<\/div>\n\t\t\t\t<\/div>\n\t\t\t\t<\/div>\n\t\t","protected":false},"excerpt":{"rendered":"<p>Remont nap\u0119du dzwon\u00f3w w Ko\u015bciele Parafialnym w \u015amiczu- 12.2024<\/p>\n","protected":false},"author":1,"featured_media":0,"parent":0,"menu_order":0,"comment_status":"closed","ping_status":"closed","template":"","meta":{"ocean_post_layout":"full-screen","ocean_both_sidebars_style":"","ocean_both_sidebars_content_width":0,"ocean_both_sidebars_sidebars_width":0,"ocean_sidebar":"","ocean_second_sidebar":"","ocean_disable_margins":"enable","ocean_add_body_class":"","ocean_shortcode_before_top_bar":"","ocean_shortcode_after_top_bar":"","ocean_shortcode_before_header":"","ocean_shortcode_after_header":"","ocean_has_shortcode":"","ocean_shortcode_after_title":"","ocean_shortcode_before_footer_widgets":"","ocean_shortcode_after_footer_widgets":"","ocean_shortcode_before_footer_bottom":"","ocean_shortcode_after_footer_bottom":"","ocean_display_top_bar":"off","ocean_display_header":"default","ocean_header_style":"","ocean_center_header_left_menu":"","ocean_custom_header_template":"","ocean_custom_logo":0,"ocean_custom_retina_logo":0,"ocean_custom_logo_max_width":0,"ocean_custom_logo_tablet_max_width":0,"ocean_custom_logo_mobile_max_width":0,"ocean_custom_logo_max_height":0,"ocean_custom_logo_tablet_max_height":0,"ocean_custom_logo_mobile_max_height":0,"ocean_header_custom_menu":"","ocean_menu_typo_font_family":"","ocean_menu_typo_font_subset":"","ocean_menu_typo_font_size":0,"ocean_menu_typo_font_size_tablet":0,"ocean_menu_typo_font_size_mobile":0,"ocean_menu_typo_font_size_unit":"px","ocean_menu_typo_font_weight":"","ocean_menu_typo_font_weight_tablet":"","ocean_menu_typo_font_weight_mobile":"","ocean_menu_typo_transform":"","ocean_menu_typo_transform_tablet":"","ocean_menu_typo_transform_mobile":"","ocean_menu_typo_line_height":0,"ocean_menu_typo_line_height_tablet":0,"ocean_menu_typo_line_height_mobile":0,"ocean_menu_typo_line_height_unit":"","ocean_menu_typo_spacing":0,"ocean_menu_typo_spacing_tablet":0,"ocean_menu_typo_spacing_mobile":0,"ocean_menu_typo_spacing_unit":"","ocean_menu_link_color":"","ocean_menu_link_color_hover":"","ocean_menu_link_color_active":"","ocean_menu_link_background":"","ocean_menu_link_hover_background":"","ocean_menu_link_active_background":"","ocean_menu_social_links_bg":"","ocean_menu_social_hover_links_bg":"","ocean_menu_social_links_color":"","ocean_menu_social_hover_links_color":"","ocean_disable_title":"on","ocean_disable_heading":"default","ocean_post_title":"","ocean_post_subheading":"","ocean_post_title_style":"","ocean_post_title_background_color":"","ocean_post_title_background":0,"ocean_post_title_bg_image_position":"","ocean_post_title_bg_image_attachment":"","ocean_post_title_bg_image_repeat":"","ocean_post_title_bg_image_size":"","ocean_post_title_height":0,"ocean_post_title_bg_overlay":0.5,"ocean_post_title_bg_overlay_color":"","ocean_disable_breadcrumbs":"default","ocean_breadcrumbs_color":"","ocean_breadcrumbs_separator_color":"","ocean_breadcrumbs_links_color":"","ocean_breadcrumbs_links_hover_color":"","ocean_display_footer_widgets":"off","ocean_display_footer_bottom":"off","ocean_custom_footer_template":"","footnotes":""},"class_list":["post-861","page","type-page","status-publish","hentry","entry"],"_links":{"self":[{"href":"https:\/\/www.parafia-smicz.pl\/index.php?rest_route=\/wp\/v2\/pages\/861","targetHints":{"allow":["GET"]}}],"collection":[{"href":"https:\/\/www.parafia-smicz.pl\/index.php?rest_route=\/wp\/v2\/pages"}],"about":[{"href":"https:\/\/www.parafia-smicz.pl\/index.php?rest_route=\/wp\/v2\/types\/page"}],"author":[{"embeddable":true,"href":"https:\/\/www.parafia-smicz.pl\/index.php?rest_route=\/wp\/v2\/users\/1"}],"replies":[{"embeddable":true,"href":"https:\/\/www.parafia-smicz.pl\/index.php?rest_route=%2Fwp%2Fv2%2Fcomments&post=861"}],"version-history":[{"count":5,"href":"https:\/\/www.parafia-smicz.pl\/index.php?rest_route=\/wp\/v2\/pages\/861\/revisions"}],"predecessor-version":[{"id":867,"href":"https:\/\/www.parafia-smicz.pl\/index.php?rest_route=\/wp\/v2\/pages\/861\/revisions\/867"}],"wp:attachment":[{"href":"https:\/\/www.parafia-smicz.pl\/index.php?rest_route=%2Fwp%2Fv2%2Fmedia&parent=861"}],"curies":[{"name":"wp","href":"https:\/\/api.w.org\/{rel}","templated":true}]}}